{"id":202,"date":"2018-08-30T09:10:30","date_gmt":"2018-08-30T09:10:30","guid":{"rendered":"http:\/\/konte.uix.store\/?page_id=202"},"modified":"2024-07-03T16:06:12","modified_gmt":"2024-07-03T13:06:12","slug":"contact","status":"publish","type":"page","link":"https:\/\/shopjuliette.com\/en\/contact\/","title":{"rendered":"Contact"},"content":{"rendered":"\t\t<div data-elementor-type=\"wp-page\" data-elementor-id=\"202\" class=\"elementor elementor-202\">\n\t\t\t\t<div class=\"elementor-element elementor-element-61b1a2f0 e-flex e-con-boxed e-con e-parent\" data-id=\"61b1a2f0\" data-element_type=\"container\" data-e-type=\"container\">\n\t\t\t\t\t<div class=\"e-con-inner\">\n\t\t\t\t<div class=\"elementor-element elementor-element-aef0f1c elementor-widget elementor-widget-konte-heading\" data-id=\"aef0f1c\" data-element_type=\"widget\" data-e-type=\"widget\" data-widget_type=\"konte-heading.default\">\n\t\t\t\t<div class=\"elementor-widget-container\">\n\t\t\t\t\t<h2 class=\"konte-heading-title konte-heading-title--default\">Contact<\/h2>\t\t\t\t<\/div>\n\t\t\t\t<\/div>\n\t\t\t\t<div class=\"elementor-element elementor-element-2d489ef elementor-widget elementor-widget-konte-info-list\" data-id=\"2d489ef\" data-element_type=\"widget\" data-e-type=\"widget\" data-widget_type=\"konte-info-list.default\">\n\t\t\t\t<div class=\"elementor-widget-container\">\n\t\t\t\t\t\t\t<div class=\"konte-info-list konte-info-list--elementor\">\n\t\t\t<ul>\n\t\t\t\t\t\t\t\t\t\t<li class=\"info-list__item\">\n\t\t\t\t\t\t\t<div class=\"info-list__item-name info-name\">JULIETTE DUBAI<\/div>\n\t\t\t\t\t\t\t<div class=\"info-list__item-value info-value\">Momentum Trading &amp; Advertising FZO<br>\n\nDubai Silicon Oasis, DDP, Building A2, Unit 101, Dubai, United Arab Emirates<\/div>\n\t\t\t\t\t\t<\/li>\n\t\t\t\t\t\t\t\t\t\t\t\t<li class=\"info-list__item\">\n\t\t\t\t\t\t\t<div class=\"info-list__item-name info-name\">JUL\u0130ETTE OF\u0130S &amp; SHOWROOM<\/div>\n\t\t\t\t\t\t\t<div class=\"info-list__item-value info-value\">Bebek mahallesi Cemre sokak No:10 Kat 2 <br>Be\u015fikta\u015f - \u0130STANBUL<\/div>\n\t\t\t\t\t\t<\/li>\n\t\t\t\t\t\t\t\t\t\t\t\t<li class=\"info-list__item\">\n\t\t\t\t\t\t\t<div class=\"info-list__item-name info-name\">Phone<\/div>\n\t\t\t\t\t\t\t<div class=\"info-list__item-value info-value\">0530 681 30 25<\/div>\n\t\t\t\t\t\t<\/li>\n\t\t\t\t\t\t\t\t\t\t\t\t<li class=\"info-list__item\">\n\t\t\t\t\t\t\t<div class=\"info-list__item-name info-name\">EMAIL<\/div>\n\t\t\t\t\t\t\t<div class=\"info-list__item-value info-value\"><a href=\"mailto:contact@shopjuliette.com\">contact@shopjuliette.com<\/a><\/div>\n\t\t\t\t\t\t<\/li>\n\t\t\t\t\t\t\t\t\t\t\t\t<li class=\"info-list__item\">\n\t\t\t\t\t\t\t<div class=\"info-list__item-name info-name\">WhatsApp<\/div>\n\t\t\t\t\t\t\t<div class=\"info-list__item-value info-value\"><img width=\"70\" src='\/en\/wp-content\/uploads\/sites\/3\/2024\/04\/wp_qr.png'><\/div>\n\t\t\t\t\t\t<\/li>\n\t\t\t\t\t\t\t\t\t<\/ul>\n\t\t<\/div>\n\t\t\t\t\t\t<\/div>\n\t\t\t\t<\/div>\n\t\t\t\t<div class=\"elementor-element elementor-element-f4332fb elementor-widget elementor-widget-text-editor\" data-id=\"f4332fb\" data-element_type=\"widget\" data-e-type=\"widget\" data-widget_type=\"text-editor.default\">\n\t\t\t\t<div class=\"elementor-widget-container\">\n\t\t\t\t\t\t\t\t\t\n<div class=\"wpcf7 no-js\" id=\"wpcf7-f5-o1\" lang=\"en-US\" dir=\"ltr\" data-wpcf7-id=\"5\">\n<div class=\"screen-reader-response\"><p role=\"status\" aria-live=\"polite\" aria-atomic=\"true\"><\/p> <ul><\/ul><\/div>\n<form action=\"\/en\/wp-json\/wp\/v2\/pages\/202#wpcf7-f5-o1\" method=\"post\" class=\"wpcf7-form init\" aria-label=\"Contact form\" novalidate=\"novalidate\" data-status=\"init\">\n<div style=\"display: none;\">\n<input type=\"hidden\" name=\"_wpcf7\" value=\"5\" \/>\n<input type=\"hidden\" name=\"_wpcf7_version\" value=\"6.0.6\" \/>\n<input type=\"hidden\" name=\"_wpcf7_locale\" value=\"en_US\" \/>\n<input type=\"hidden\" name=\"_wpcf7_unit_tag\" value=\"wpcf7-f5-o1\" \/>\n<input type=\"hidden\" name=\"_wpcf7_container_post\" value=\"0\" \/>\n<input type=\"hidden\" name=\"_wpcf7_posted_data_hash\" value=\"\" \/>\n<\/div>\n<div class=\"row gap-70\">\n\t<div class=\"col-sm-6 col\">\n\t\t<p><label><span class=\"label\">Name<\/span><span class=\"wpcf7-form-control-wrap\" data-name=\"your-name\"><input size=\"40\" maxlength=\"400\" class=\"wpcf7-form-control wpcf7-text wpcf7-validates-as-required\" aria-required=\"true\" aria-invalid=\"false\" value=\"\" type=\"text\" name=\"your-name\" \/><\/span><\/label>\n\t\t<\/p>\n\t<\/div>\n\t<div class=\"col-sm-6 col\">\n\t\t<p><label><span class=\"label\">Email<\/span><span class=\"wpcf7-form-control-wrap\" data-name=\"your-email\"><input size=\"40\" maxlength=\"400\" class=\"wpcf7-form-control wpcf7-email wpcf7-validates-as-required wpcf7-text wpcf7-validates-as-email\" aria-required=\"true\" aria-invalid=\"false\" value=\"\" type=\"email\" name=\"your-email\" \/><\/span><\/label>\n\t\t<\/p>\n\t<\/div>\n<\/div>\n<div class=\"row\">\n\t<div class=\"col-sm-12 col\">\n\t\t<p><label><span class=\"label\">Subject<\/span><span class=\"wpcf7-form-control-wrap\" data-name=\"your-subject\"><input size=\"40\" maxlength=\"400\" class=\"wpcf7-form-control wpcf7-text\" aria-invalid=\"false\" value=\"\" type=\"text\" name=\"your-subject\" \/><\/span><\/label>\n\t\t<\/p>\n\t<\/div>\n<\/div>\n<div class=\"row\">\n\t<div class=\"col-sm-12 col\">\n\t\t<p><label><span class=\"label\">Message<\/span><span class=\"wpcf7-form-control-wrap\" data-name=\"your-message\"><textarea cols=\"40\" rows=\"10\" maxlength=\"2000\" class=\"wpcf7-form-control wpcf7-textarea\" aria-invalid=\"false\" name=\"your-message\"><\/textarea><\/span><\/label>\n\t\t<\/p>\n\t<\/div>\n<\/div>\n<p><input class=\"wpcf7-form-control wpcf7-submit has-spinner\" type=\"submit\" value=\"Send Message\" \/>\n<\/p><div class=\"wpcf7-response-output\" aria-hidden=\"true\"><\/div>\n<\/form>\n<\/div>\n\t\t\t\t\t\t\t\t<\/div>\n\t\t\t\t<\/div>\n\t\t\t\t\t<\/div>\n\t\t\t\t<\/div>\n\t\t<div class=\"elementor-element elementor-element-f937721 e-flex e-con-boxed e-con e-parent\" data-id=\"f937721\" data-element_type=\"container\" data-e-type=\"container\">\n\t\t\t\t\t<div class=\"e-con-inner\">\n\t\t\t\t\t<\/div>\n\t\t\t\t<\/div>\n\t\t\t\t<\/div>\n\t\t","protected":false},"excerpt":{"rendered":"<p>Contact JULIETTE DUBAI Momentum Trading &amp; Advertising FZO Dubai Silicon Oasis, DDP, Building A2, Unit 101, Dubai, United Arab Emirates JUL\u0130ETTE OF\u0130S &amp; SHOWROOM Bebek mahallesi Cemre sokak No:10 Kat&hellip;<\/p>\n","protected":false},"author":1,"featured_media":0,"parent":0,"menu_order":0,"comment_status":"closed","ping_status":"closed","template":"templates\/split.php","meta":{"_joinchat":[],"footnotes":""},"class_list":["post-202","page","type-page","status-publish","hentry"],"yoast_head":"<!-- This site is optimized with the Yoast SEO plugin v23.4 - https:\/\/yoast.com\/wordpress\/plugins\/seo\/ -->\n<title>Contact - Shop at Juliette for Contemporary\u00a0Jewelry\u00a0Designs<\/title>\n<meta name=\"robots\" content=\"index, follow, max-snippet:-1, max-image-preview:large, max-video-preview:-1\" \/>\n<link rel=\"canonical\" href=\"https:\/\/shopjuliette.com\/en\/contact\/\" \/>\n<meta property=\"og:locale\" content=\"en_US\" \/>\n<meta property=\"og:type\" content=\"article\" \/>\n<meta property=\"og:title\" content=\"Contact - Shop at Juliette for Contemporary\u00a0Jewelry\u00a0Designs\" \/>\n<meta property=\"og:description\" content=\"Contact JULIETTE DUBAI Momentum Trading &amp; Advertising FZO Dubai Silicon Oasis, DDP, Building A2, Unit 101, Dubai, United Arab Emirates JUL\u0130ETTE OF\u0130S &amp; SHOWROOM Bebek mahallesi Cemre sokak No:10 Kat&hellip;\" \/>\n<meta property=\"og:url\" content=\"https:\/\/shopjuliette.com\/en\/contact\/\" \/>\n<meta property=\"og:site_name\" content=\"Shop at Juliette for Contemporary\u00a0Jewelry\u00a0Designs\" \/>\n<meta property=\"article:modified_time\" content=\"2024-07-03T13:06:12+00:00\" \/>\n<meta name=\"twitter:card\" content=\"summary_large_image\" \/>\n<meta name=\"twitter:label1\" content=\"Est. reading time\" \/>\n\t<meta name=\"twitter:data1\" content=\"1 minute\" \/>\n<script type=\"application\/ld+json\" class=\"yoast-schema-graph\">{\"@context\":\"https:\/\/schema.org\",\"@graph\":[{\"@type\":\"WebPage\",\"@id\":\"https:\/\/shopjuliette.com\/en\/contact\/\",\"url\":\"https:\/\/shopjuliette.com\/en\/contact\/\",\"name\":\"Contact - Shop at Juliette for Contemporary\u00a0Jewelry\u00a0Designs\",\"isPartOf\":{\"@id\":\"https:\/\/shopjuliette.com\/en\/#website\"},\"datePublished\":\"2018-08-30T09:10:30+00:00\",\"dateModified\":\"2024-07-03T13:06:12+00:00\",\"breadcrumb\":{\"@id\":\"https:\/\/shopjuliette.com\/en\/contact\/#breadcrumb\"},\"inLanguage\":\"en-US\",\"potentialAction\":[{\"@type\":\"ReadAction\",\"target\":[\"https:\/\/shopjuliette.com\/en\/contact\/\"]}]},{\"@type\":\"BreadcrumbList\",\"@id\":\"https:\/\/shopjuliette.com\/en\/contact\/#breadcrumb\",\"itemListElement\":[{\"@type\":\"ListItem\",\"position\":1,\"name\":\"Anasayfa\",\"item\":\"https:\/\/shopjuliette.com\/en\/\"},{\"@type\":\"ListItem\",\"position\":2,\"name\":\"Contact\"}]},{\"@type\":\"WebSite\",\"@id\":\"https:\/\/shopjuliette.com\/en\/#website\",\"url\":\"https:\/\/shopjuliette.com\/en\/\",\"name\":\"Shop at Juliette for Contemporary\u00a0Jewelry\u00a0Designs\",\"description\":\"Discover Juliette&#039;s fine silver jewellery collection.\u00a0Handcrafted elegance awaits you. Shop now for your perfect piece!\",\"potentialAction\":[{\"@type\":\"SearchAction\",\"target\":{\"@type\":\"EntryPoint\",\"urlTemplate\":\"https:\/\/shopjuliette.com\/en\/?s={search_term_string}\"},\"query-input\":{\"@type\":\"PropertyValueSpecification\",\"valueRequired\":true,\"valueName\":\"search_term_string\"}}],\"inLanguage\":\"en-US\"}]}<\/script>\n<!-- \/ Yoast SEO plugin. -->","yoast_head_json":{"title":"Contact - Shop at Juliette for Contemporary\u00a0Jewelry\u00a0Designs","robots":{"index":"index","follow":"follow","max-snippet":"max-snippet:-1","max-image-preview":"max-image-preview:large","max-video-preview":"max-video-preview:-1"},"canonical":"https:\/\/shopjuliette.com\/en\/contact\/","og_locale":"en_US","og_type":"article","og_title":"Contact - Shop at Juliette for Contemporary\u00a0Jewelry\u00a0Designs","og_description":"Contact JULIETTE DUBAI Momentum Trading &amp; Advertising FZO Dubai Silicon Oasis, DDP, Building A2, Unit 101, Dubai, United Arab Emirates JUL\u0130ETTE OF\u0130S &amp; SHOWROOM Bebek mahallesi Cemre sokak No:10 Kat&hellip;","og_url":"https:\/\/shopjuliette.com\/en\/contact\/","og_site_name":"Shop at Juliette for Contemporary\u00a0Jewelry\u00a0Designs","article_modified_time":"2024-07-03T13:06:12+00:00","twitter_card":"summary_large_image","twitter_misc":{"Est. reading time":"1 minute"},"schema":{"@context":"https:\/\/schema.org","@graph":[{"@type":"WebPage","@id":"https:\/\/shopjuliette.com\/en\/contact\/","url":"https:\/\/shopjuliette.com\/en\/contact\/","name":"Contact - Shop at Juliette for Contemporary\u00a0Jewelry\u00a0Designs","isPartOf":{"@id":"https:\/\/shopjuliette.com\/en\/#website"},"datePublished":"2018-08-30T09:10:30+00:00","dateModified":"2024-07-03T13:06:12+00:00","breadcrumb":{"@id":"https:\/\/shopjuliette.com\/en\/contact\/#breadcrumb"},"inLanguage":"en-US","potentialAction":[{"@type":"ReadAction","target":["https:\/\/shopjuliette.com\/en\/contact\/"]}]},{"@type":"BreadcrumbList","@id":"https:\/\/shopjuliette.com\/en\/contact\/#breadcrumb","itemListElement":[{"@type":"ListItem","position":1,"name":"Anasayfa","item":"https:\/\/shopjuliette.com\/en\/"},{"@type":"ListItem","position":2,"name":"Contact"}]},{"@type":"WebSite","@id":"https:\/\/shopjuliette.com\/en\/#website","url":"https:\/\/shopjuliette.com\/en\/","name":"Shop at Juliette for Contemporary\u00a0Jewelry\u00a0Designs","description":"Discover Juliette&#039;s fine silver jewellery collection.\u00a0Handcrafted elegance awaits you. Shop now for your perfect piece!","potentialAction":[{"@type":"SearchAction","target":{"@type":"EntryPoint","urlTemplate":"https:\/\/shopjuliette.com\/en\/?s={search_term_string}"},"query-input":{"@type":"PropertyValueSpecification","valueRequired":true,"valueName":"search_term_string"}}],"inLanguage":"en-US"}]}},"_links":{"self":[{"href":"https:\/\/shopjuliette.com\/en\/wp-json\/wp\/v2\/pages\/202"}],"collection":[{"href":"https:\/\/shopjuliette.com\/en\/wp-json\/wp\/v2\/pages"}],"about":[{"href":"https:\/\/shopjuliette.com\/en\/wp-json\/wp\/v2\/types\/page"}],"author":[{"embeddable":true,"href":"https:\/\/shopjuliette.com\/en\/wp-json\/wp\/v2\/users\/1"}],"replies":[{"embeddable":true,"href":"https:\/\/shopjuliette.com\/en\/wp-json\/wp\/v2\/comments?post=202"}],"version-history":[{"count":0,"href":"https:\/\/shopjuliette.com\/en\/wp-json\/wp\/v2\/pages\/202\/revisions"}],"wp:attachment":[{"href":"https:\/\/shopjuliette.com\/en\/wp-json\/wp\/v2\/media?parent=202"}],"curies":[{"name":"wp","href":"https:\/\/api.w.org\/{rel}","templated":true}]}}